{"id":634,"date":"2021-11-08T11:42:42","date_gmt":"2021-11-08T10:42:42","guid":{"rendered":"https:\/\/www.autoserviziloiacono.com\/noleggio\/"},"modified":"2023-05-24T11:35:07","modified_gmt":"2023-05-24T09:35:07","slug":"coach-rental","status":"publish","type":"page","link":"https:\/\/www.autoserviziloiacono.com\/en\/coach-rental\/","title":{"rendered":"Coach rental"},"content":{"rendered":"<p>[et_pb_section fb_built=&#8221;1&#8243; _builder_version=&#8221;4.16&#8243; _module_preset=&#8221;default&#8221; background_color=&#8221;rgba(0,0,0,0.47)&#8221; background_image=&#8221;https:\/\/www.autoserviziloiacono.com\/wp-content\/uploads\/2023\/04\/Selinunte_-_tempio_C-PER-PHOTOSHOP-BANNER-N.-1-scaled.jpg&#8221; background_blend=&#8221;overlay&#8221; locked=&#8221;off&#8221; global_colors_info=&#8221;{}&#8221;][et_pb_row _builder_version=&#8221;4.16&#8243; _module_preset=&#8221;default&#8221; global_colors_info=&#8221;{}&#8221;][et_pb_column type=&#8221;4_4&#8243; _builder_version=&#8221;4.16&#8243; _module_preset=&#8221;default&#8221; global_colors_info=&#8221;{}&#8221;][et_pb_post_title meta=&#8221;off&#8221; featured_image=&#8221;off&#8221; _builder_version=&#8221;4.16&#8243; _module_preset=&#8221;default&#8221; title_font=&#8221;|700||on|||||&#8221; title_text_align=&#8221;center&#8221; title_text_color=&#8221;#FFFFFF&#8221; global_colors_info=&#8221;{}&#8221;][\/et_pb_post_title][\/et_pb_column][\/et_pb_row][\/et_pb_section][et_pb_section fb_built=&#8221;1&#8243; _builder_version=&#8221;4.16&#8243; _module_preset=&#8221;default&#8221; custom_padding=&#8221;||43px|||&#8221; global_colors_info=&#8221;{}&#8221;][et_pb_row use_custom_gutter=&#8221;on&#8221; gutter_width=&#8221;2&#8243; make_equal=&#8221;on&#8221; _builder_version=&#8221;4.16&#8243; _module_preset=&#8221;default&#8221; width=&#8221;90%&#8221; width_tablet=&#8221;90%&#8221; width_phone=&#8221;90%&#8221; width_last_edited=&#8221;on|tablet&#8221; max_width_tablet=&#8221;90%&#8221; max_width_phone=&#8221;90%&#8221; max_width_last_edited=&#8221;on|desktop&#8221; custom_padding=&#8221;8px||0px|||&#8221; locked=&#8221;off&#8221; global_colors_info=&#8221;{}&#8221;][et_pb_column type=&#8221;4_4&#8243; _builder_version=&#8221;4.16&#8243; _module_preset=&#8221;default&#8221; global_colors_info=&#8221;{}&#8221;][et_pb_text _builder_version=&#8221;4.16&#8243; _module_preset=&#8221;default&#8221; text_font=&#8221;|||on|||||&#8221; text_text_color=&#8221;#efc625&#8243; text_font_size=&#8221;20px&#8221; text_letter_spacing=&#8221;2px&#8221; text_line_height=&#8221;1em&#8221; text_orientation=&#8221;center&#8221; global_colors_info=&#8221;{}&#8221;]<\/p>\n<p>AUTOSERVIZI LO IACONO SALVATORE E C. SNC<\/p>\n<p>[\/et_pb_text][et_pb_text _builder_version=&#8221;4.21.0&#8243; _module_preset=&#8221;default&#8221; header_3_font=&#8221;|700||on|||||&#8221; header_3_text_align=&#8221;center&#8221; header_3_text_color=&#8221;#111111&#8243; header_3_font_size=&#8221;40px&#8221; custom_margin=&#8221;-5px||||false|false&#8221; custom_margin_tablet=&#8221;-15px||||false|false&#8221; custom_margin_phone=&#8221;-15px||||false|false&#8221; custom_margin_last_edited=&#8221;on|phone&#8221; hover_enabled=&#8221;0&#8243; global_colors_info=&#8221;{}&#8221; sticky_enabled=&#8221;0&#8243;]<\/p>\n<h3>REQUEST YOUR FREE QUOTE<\/h3>\n<p>[\/et_pb_text][\/et_pb_column][\/et_pb_row][\/et_pb_section][et_pb_section fb_built=&#8221;1&#8243; _builder_version=&#8221;4.16&#8243; _module_preset=&#8221;default&#8221; custom_padding=&#8221;5px|||||&#8221; global_colors_info=&#8221;{}&#8221;][et_pb_row _builder_version=&#8221;4.16&#8243; _module_preset=&#8221;default&#8221; global_colors_info=&#8221;{}&#8221;][et_pb_column type=&#8221;4_4&#8243; _builder_version=&#8221;4.16&#8243; _module_preset=&#8221;default&#8221; global_colors_info=&#8221;{}&#8221;][dvppl_cf7_styler cf7=&#8221;717&#8243; _builder_version=&#8221;4.21.0&#8243; _module_preset=&#8221;default&#8221; hover_enabled=&#8221;0&#8243; global_colors_info=&#8221;{}&#8221; sticky_enabled=&#8221;0&#8243;][\/dvppl_cf7_styler][\/et_pb_column][\/et_pb_row][\/et_pb_section][et_pb_section fb_built=&#8221;1&#8243; _builder_version=&#8221;4.16&#8243; _module_preset=&#8221;default&#8221; background_color=&#8221;#3398C6&#8243; custom_padding=&#8221;50px||50px||true|false&#8221; animation_style=&#8221;zoom&#8221; animation_direction=&#8221;bottom&#8221; animation_duration=&#8221;1500ms&#8221; animation_delay=&#8221;500ms&#8221; animation_speed_curve=&#8221;ease&#8221; locked=&#8221;off&#8221; global_colors_info=&#8221;{}&#8221;][et_pb_row use_custom_gutter=&#8221;on&#8221; gutter_width=&#8221;2&#8243; make_equal=&#8221;on&#8221; _builder_version=&#8221;4.16&#8243; _module_preset=&#8221;default&#8221; width=&#8221;90%&#8221; width_tablet=&#8221;90%&#8221; width_phone=&#8221;90%&#8221; width_last_edited=&#8221;on|tablet&#8221; max_width=&#8221;1200px&#8221; max_width_tablet=&#8221;90%&#8221; max_width_phone=&#8221;90%&#8221; max_width_last_edited=&#8221;on|desktop&#8221; custom_padding=&#8221;0px||0px||true|false&#8221; global_colors_info=&#8221;{}&#8221;][et_pb_column type=&#8221;4_4&#8243; _builder_version=&#8221;4.16&#8243; _module_preset=&#8221;default&#8221; custom_padding=&#8221;|||&#8221; global_colors_info=&#8221;{}&#8221; custom_padding__hover=&#8221;|||&#8221;][et_pb_blurb title=&#8221;Contact us now&#8221; use_icon=&#8221;on&#8221; font_icon=&#8221;&#xf879;||fa||900&#8243; icon_color=&#8221;#FFFFFF&#8221; icon_placement=&#8221;left&#8221; image_icon_width=&#8221;45px&#8221; content_max_width=&#8221;100%&#8221; icon_placement_tablet=&#8221;top&#8221; icon_placement_phone=&#8221;top&#8221; icon_placement_last_edited=&#8221;on|phone&#8221; icon_alignment_tablet=&#8221;center&#8221; icon_alignment_phone=&#8221;center&#8221; icon_alignment_last_edited=&#8221;on|desktop&#8221; _builder_version=&#8221;4.21.0&#8243; _module_preset=&#8221;default&#8221; header_font=&#8221;|700|||||||&#8221; header_text_align=&#8221;left&#8221; header_text_color=&#8221;#FFFFFF&#8221; header_font_size=&#8221;30px&#8221; image_icon_custom_padding_tablet=&#8221;&#8221; image_icon_custom_padding_phone=&#8221;&#8221; image_icon_custom_padding_last_edited=&#8221;on|phone&#8221; module_alignment=&#8221;center&#8221; custom_margin=&#8221;0px||-5px||false|false&#8221; custom_padding=&#8221;5px||||false|false&#8221; animation=&#8221;off&#8221; link_option_url=&#8221;tel:+39&#8243; hover_enabled=&#8221;0&#8243; header_text_align_tablet=&#8221;center&#8221; header_text_align_phone=&#8221;center&#8221; header_text_align_last_edited=&#8221;on|phone&#8221; header_font_size_tablet=&#8221;30px&#8221; header_font_size_phone=&#8221;30px&#8221; header_font_size_last_edited=&#8221;on|phone&#8221; header_line_height_tablet=&#8221;&#8221; header_line_height_phone=&#8221;1.3em&#8221; header_line_height_last_edited=&#8221;on|phone&#8221; custom_css_main_element=&#8221;justify-content:center;||margin:0 auto;||display:grid;||gap:30px;&#8221; custom_css_blurb_title=&#8221;display:grid;||place-items:center;||margin-left:30px;&#8221; border_width_all_image_tablet=&#8221;&#8221; border_width_all_image_phone=&#8221;&#8221; border_width_all_image_last_edited=&#8221;on|phone&#8221; image_max_width=&#8221;45px&#8221; global_colors_info=&#8221;{}&#8221; sticky_enabled=&#8221;0&#8243;][\/et_pb_blurb][\/et_pb_column][\/et_pb_row][\/et_pb_section]<\/p>\n","protected":false},"excerpt":{"rendered":"<p>AUTOSERVIZI LO IACONO SALVATORE E C. SNCREQUEST YOUR FREE QUOTE<div class=\"et_pb_module dvppl_cf7_styler dvppl_cf7_styler_0\">\n\t\t\t\t\n\t\t\t\t\n\t\t\t\t\n\t\t\t\t\n\t\t\t\t\n\t\t\t\t\n\t\t\t\t<div class=\"et_pb_module_inner\">\n\t\t\t\t\t<div class=\"dipe-cf7-container dipe-cf7-button-left\">\n\t\t\t\t\n\t\t\t\t<div class=\"dipe-cf7 dipe-cf7-styler \">\n\t\t\t\t\t\n<div class=\"wpcf7 no-js\" id=\"wpcf7-f717-o1\" lang=\"it-IT\" dir=\"ltr\">\n<div class=\"screen-reader-response\"><p role=\"status\" aria-live=\"polite\" aria-atomic=\"true\"><\/p> <ul><\/ul><\/div>\n<form action=\"\/en\/wp-json\/wp\/v2\/pages\/634#wpcf7-f717-o1\" method=\"post\" class=\"wpcf7-form init\" aria-label=\"Modulo di contatto\" novalidate=\"novalidate\" data-status=\"init\">\n<div style=\"display: none;\">\n<input type=\"hidden\" name=\"_wpcf7\" value=\"717\" \/>\n<input type=\"hidden\" name=\"_wpcf7_version\" value=\"5.7.6\" \/>\n<input type=\"hidden\" name=\"_wpcf7_locale\" value=\"it_IT\" \/>\n<input type=\"hidden\" name=\"_wpcf7_unit_tag\" value=\"wpcf7-f717-o1\" \/>\n<input type=\"hidden\" name=\"_wpcf7_container_post\" value=\"0\" \/>\n<input type=\"hidden\" name=\"_wpcf7_posted_data_hash\" value=\"\" \/>\n<input type=\"hidden\" name=\"_wpcf7_recaptcha_response\" value=\"\" \/>\n<\/div>\n<div class=\"dp-row\">\n\t\t\t\t\n<div class=\"dp-col dp-col-12\">\n\t\t\t\tTRAVEL INFORMATION\n        \t<\/div>\n\n<div class=\"dp-col dp-col-12 dp-col-md-3 dp-col-lg-3\">\n\t\t\t\tDeparture Date <span class=\"wpcf7-form-control-wrap\" data-name=\"date-139\"><input class=\"wpcf7-form-control wpcf7-date wpcf7-validates-as-required wpcf7-validates-as-date\" aria-required=\"true\" aria-invalid=\"false\" placeholder=\"Departure Date\" value=\"\" type=\"date\" name=\"date-139\" \/><\/span>\n        \t<\/div>\n<div class=\"dp-col dp-col-12 dp-col-md-3 dp-col-lg-3\">\n\t\t\t\tDeparture Time <span class=\"wpcf7-form-control-wrap\" data-name=\"text-107\"><input size=\"40\" class=\"wpcf7-form-control wpcf7-text wpcf7-validates-as-required\" aria-required=\"true\" aria-invalid=\"false\" placeholder=\"Departure Time\" value=\"\" type=\"text\" name=\"text-107\" \/><\/span>\n        \t<\/div>\n<div class=\"dp-col dp-col-12 dp-col-md-3 dp-col-lg-3\">\n\t\t\t\tFrom <span class=\"wpcf7-form-control-wrap\" data-name=\"text-225\"><input size=\"40\" class=\"wpcf7-form-control wpcf7-text wpcf7-validates-as-required\" aria-required=\"true\" aria-invalid=\"false\" placeholder=\"From\" value=\"\" type=\"text\" name=\"text-225\" \/><\/span>\n        \t<\/div>\n<div class=\"dp-col dp-col-12 dp-col-md-3 dp-col-lg-3\">\n\t\t\t\tTo <span class=\"wpcf7-form-control-wrap\" data-name=\"text-972\"><input size=\"40\" class=\"wpcf7-form-control wpcf7-text wpcf7-validates-as-required\" aria-required=\"true\" aria-invalid=\"false\" placeholder=\"To\" value=\"\" type=\"text\" name=\"text-972\" \/><\/span>\n        \t<\/div>\n\n        \t<\/div>\n<div class=\"dp-row\">\n\t\t\t\t\n<div class=\"dp-col dp-col-12\">\n\t\t\t\tTRAVEL DESCRIPTION <span class=\"wpcf7-form-control-wrap\" data-name=\"textarea-925\"><textarea cols=\"40\" rows=\"10\" class=\"wpcf7-form-control wpcf7-textarea wpcf7-validates-as-required\" aria-required=\"true\" aria-invalid=\"false\" placeholder=\"Travel description\" name=\"textarea-925\"><\/textarea><\/span>\n        \t<\/div>\n        \t<\/div>\n<div class=\"dp-row\">\n\t\t\t\t\n<div class=\"dp-col dp-col-12 dp-col-md-6 dp-col-lg-6\">\n\t\t\t\tPASSENGERS<span class=\"wpcf7-form-control-wrap\" data-name=\"textarea-828\"><textarea cols=\"40\" rows=\"10\" class=\"wpcf7-form-control wpcf7-textarea wpcf7-validates-as-required\" aria-required=\"true\" aria-invalid=\"false\" placeholder=\"Passengers\" name=\"textarea-828\"><\/textarea><\/span>\n        \t<\/div>\n<div class=\"dp-col dp-col-12 dp-col-md-6 dp-col-lg-6\">\n\t\t\t\tNOTE\/REQUESTS<span class=\"wpcf7-form-control-wrap\" data-name=\"textarea-627\"><textarea cols=\"40\" rows=\"10\" class=\"wpcf7-form-control wpcf7-textarea wpcf7-validates-as-required\" aria-required=\"true\" aria-invalid=\"false\" placeholder=\"Notes Requests\/Travel\" name=\"textarea-627\"><\/textarea><\/span>\n        \t<\/div>\n\n        \t<\/div>\n<div class=\"dp-row\">\n\t\t\t\t\n<div class=\"dp-col dp-col-12\">\n\t\t\t\tAPPLICANT CONTACT DETAILS\n        \t<\/div>\n<div class=\"dp-col dp-col-12 dp-col-md-6 dp-col-lg-6\">\n\t\t\t\t<span class=\"wpcf7-form-control-wrap\" data-name=\"Nome\"><input size=\"40\" class=\"wpcf7-form-control wpcf7-text wpcf7-validates-as-required\" aria-required=\"true\" aria-invalid=\"false\" placeholder=\"Name\" value=\"\" type=\"text\" name=\"Nome\" \/><\/span>\n        \t<\/div>\n<div class=\"dp-col dp-col-12 dp-col-md-6 dp-col-lg-6\">\n\t\t\t\t<span class=\"wpcf7-form-control-wrap\" data-name=\"Cognome\"><input size=\"40\" class=\"wpcf7-form-control wpcf7-text wpcf7-validates-as-required\" aria-required=\"true\" aria-invalid=\"false\" placeholder=\"Surname\" value=\"\" type=\"text\" name=\"Cognome\" \/><\/span>\n        \t<\/div>\n<div class=\"dp-col dp-col-12 dp-col-md-6 dp-col-lg-6\">\n\t\t\t\t<span class=\"wpcf7-form-control-wrap\" data-name=\"Email\"><input size=\"40\" class=\"wpcf7-form-control wpcf7-text wpcf7-email wpcf7-validates-as-required wpcf7-validates-as-email\" aria-required=\"true\" aria-invalid=\"false\" placeholder=\"E-mail\" value=\"\" type=\"email\" name=\"Email\" \/><\/span>\n        \t<\/div>\n<div class=\"dp-col dp-col-12 dp-col-md-6 dp-col-lg-6\">\n\t\t\t\t<span class=\"wpcf7-form-control-wrap\" data-name=\"Cellulare\"><input size=\"40\" class=\"wpcf7-form-control wpcf7-text wpcf7-tel wpcf7-validates-as-required wpcf7-validates-as-tel\" aria-required=\"true\" aria-invalid=\"false\" placeholder=\"Phone\" value=\"\" type=\"tel\" name=\"Cellulare\" \/><\/span>\n        \t<\/div>\n\n        \t<\/div>\n<div class=\"dp-row\">\n\t\t\t\t<div class=\"dp-col dp-col-12\">\n\t\t\t\t<div class=\"testoprivacy\">The writer provides, below, the information regarding the use of personal data released by you by completing this form, in compliance with the rules set out in EU Regulation 2016\/679, relating to the protection of natural persons with regard to the processing of personal data, as well as the free movement of such data (also known as the GDPR). The data relating to your person, voluntarily provided by you by filling in computer forms, are collected exclusively to allow contact with the company and, possibly, execute the contract concluded with you. The provision, on your part, of the data in question is mandatory; your refusal will not allow us to supply you with the product\/service you requested (potentially exposing you to liability for breach of contract) and, in any case, to process your request. Within our structure, only the personnel in charge of carrying out data processing operations, always for the aforementioned purposes, may become aware of the data. We also remind you that, by making a specific request to the data controller, you will be able to exercise all the rights provided for in articles 15 to 22 of the aforementioned EU Regulation, which allow you, in particular, the right to request access to personal data and to extract copy (art. 15 GDPR), rectification (art. 16 GDPR) and cancellation of the same (art. 17 GDPR), the limitation of the treatment that concerns you (art. 18 GDPR), the portability of data (art. 20 GDPR, where the conditions are met) and to oppose the treatment that concerns you (articles 21 and 22 GDPR, for the hypotheses mentioned therein and, in particular, to processing for marketing purposes or which translates into an automated decision-making process, including profiling, which produces legal effects concerning him, where the conditions are met). We also remind you of your right, if the treatment is based on consent, to revoke said consent at any time, without prejudice to the lawfulness of the treatment based on the consent given before the revocation; to do this, you can unsubscribe at any time by contacting the data controller at the addresses published on the site. We also inform you of the right to lodge a complaint with the Guarantor Authority for the Protection of Personal Data, as supervisory authority operating in Italy, and to lodge a judicial appeal, both against a decision of the Guarantor Authority and against the owner of the treatment itself and\/or a data processor. <\/div>\n        \t<\/div>\n        \t<\/div>\n<div class=\"captcha-policy\">This site is protected by reCAPTCHA and the <a href=\"https:\/\/policies.google.com\/privacy\" rel=\"nofollow\" target=\"_blank\">Privacy Policy<\/a>by Google, which applies this <a href=\"https:\/\/policies.google.com\/terms\" rel=\"nofollow\" target=\"_blank\">Terms of use<\/a>.<\/div>\n<span class=\"wpcf7-form-control-wrap\" data-name=\"acceptance-349\"><span class=\"wpcf7-form-control wpcf7-acceptance\"><span class=\"wpcf7-list-item\"><label><input type=\"checkbox\" name=\"acceptance-349\" value=\"1\" aria-invalid=\"false\" \/><span class=\"wpcf7-list-item-label\">I have read and accept the conditions of the <a href=\"\/privacy\/\" target=\"_blank\">privacy<\/a> (<strong>REQUIRED<\/strong>)<\/span><\/label><\/span><\/span><\/span>\n<input class=\"wpcf7-form-control has-spinner wpcf7-submit\" type=\"submit\" value=\"Send\" \/><div class=\"wpcf7-response-output\" aria-hidden=\"true\"><\/div>\n<\/form>\n<\/div>\n\n\t\t\t\t<\/div>\n\t\t\t<\/div>\n\t\t\t\t<\/div>\n\t\t\t<\/div><\/p>\n","protected":false},"author":1,"featured_media":0,"parent":0,"menu_order":25,"comment_status":"closed","ping_status":"closed","template":"","meta":{"_et_pb_use_builder":"on","_et_pb_old_content":"<!-- wp:paragraph -->\r\n<p>Questa \u00e8 una pagina di esempio. Differisce da un articolo di un blog perch\u00e9 rimane sempre allo stesso posto e (in molti temi) appare nel menu di navigazione. Molte persone iniziano con una pagina di Informazioni che li presentano ai visitatori del sito. Potrebbe apparire una presentazione del tipo:<\/p>\r\n<!-- \/wp:paragraph -->\r\n\r\n<!-- wp:quote -->\r\n<blockquote class=\"wp-block-quote\"><p>Ciao! Sono un fattorino ciclista di giorno, aspirante attore di notte e questo \u00e8 il mio sito web. Vivo a Los Angeles, ho un grande cane di nome Jack e mi piace la pi\u00f1a colada. (E prendere la pioggia)<\/p><\/blockquote>\r\n<!-- \/wp:quote -->\r\n\r\n<!-- wp:paragraph -->\r\n<p>...o qualcosa di simile:<\/p>\r\n<!-- \/wp:paragraph -->\r\n\r\n<!-- wp:quote -->\r\n<blockquote class=\"wp-block-quote\"><p>La Societ\u00e0 XYZ Aggeggi \u00e8 stata fondata nel 1971 e da allora fornisce al pubblico aggeggi di ottima qualit\u00e0. Situata a Fantasilandia, XYZ impiega oltre 2.000 persone e realizza ogni sorta di aggeggio fantastico per la comunit\u00e0 di Fantasilandia.<\/p><\/blockquote>\r\n<!-- \/wp:quote -->\r\n\r\n<!-- wp:paragraph -->\r\n<p>Come nuovo utente di WordPress, dovresti andare nella tua <a href=\"http:\/\/wp-smart1.install.prismiweb.net\/wp-admin\/\">Bacheca<\/a> per eliminare questa pagina, e crearne delle nuove per i tuoi contenuti. Divertiti!<\/p>\r\n<!-- \/wp:paragraph -->","_et_gb_content_width":"","_joinchat":[],"footnotes":""},"class_list":["post-634","page","type-page","status-publish","hentry"],"yoast_head":"<!-- This site is optimized with the Yoast SEO plugin v22.1 - https:\/\/yoast.com\/wordpress\/plugins\/seo\/ -->\n<title>Coach rental - AUTOSERVIZI LO IACONO<\/title>\n<meta name=\"robots\" content=\"index, follow, max-snippet:-1, max-image-preview:large, max-video-preview:-1\" \/>\n<link rel=\"canonical\" href=\"https:\/\/www.autoserviziloiacono.com\/en\/coach-rental\/\" \/>\n<meta property=\"og:locale\" content=\"en_US\" \/>\n<meta property=\"og:type\" content=\"article\" \/>\n<meta property=\"og:title\" content=\"Coach rental - AUTOSERVIZI LO IACONO\" \/>\n<meta property=\"og:description\" content=\"AUTOSERVIZI LO IACONO SALVATORE E C. SNCREQUEST YOUR FREE QUOTE\" \/>\n<meta property=\"og:url\" content=\"https:\/\/www.autoserviziloiacono.com\/en\/coach-rental\/\" \/>\n<meta property=\"og:site_name\" content=\"AUTOSERVIZI LO IACONO\" \/>\n<meta property=\"article:modified_time\" content=\"2023-05-24T09:35:07+00:00\" \/>\n<meta name=\"twitter:card\" content=\"summary_large_image\" \/>\n<meta name=\"twitter:label1\" content=\"Est. reading time\" \/>\n\t<meta name=\"twitter:data1\" content=\"1 minute\" \/>\n<script type=\"application\/ld+json\" class=\"yoast-schema-graph\">{\"@context\":\"https:\/\/schema.org\",\"@graph\":[{\"@type\":\"WebPage\",\"@id\":\"https:\/\/www.autoserviziloiacono.com\/en\/coach-rental\/\",\"url\":\"https:\/\/www.autoserviziloiacono.com\/en\/coach-rental\/\",\"name\":\"Coach rental - AUTOSERVIZI LO IACONO\",\"isPartOf\":{\"@id\":\"https:\/\/www.autoserviziloiacono.com\/en\/#website\"},\"datePublished\":\"2021-11-08T10:42:42+00:00\",\"dateModified\":\"2023-05-24T09:35:07+00:00\",\"breadcrumb\":{\"@id\":\"https:\/\/www.autoserviziloiacono.com\/en\/coach-rental\/#breadcrumb\"},\"inLanguage\":\"en-US\",\"potentialAction\":[{\"@type\":\"ReadAction\",\"target\":[\"https:\/\/www.autoserviziloiacono.com\/en\/coach-rental\/\"]}]},{\"@type\":\"BreadcrumbList\",\"@id\":\"https:\/\/www.autoserviziloiacono.com\/en\/coach-rental\/#breadcrumb\",\"itemListElement\":[{\"@type\":\"ListItem\",\"position\":1,\"name\":\"Home\",\"item\":\"https:\/\/www.autoserviziloiacono.com\/en\/\"},{\"@type\":\"ListItem\",\"position\":2,\"name\":\"Coach rental\"}]},{\"@type\":\"WebSite\",\"@id\":\"https:\/\/www.autoserviziloiacono.com\/en\/#website\",\"url\":\"https:\/\/www.autoserviziloiacono.com\/en\/\",\"name\":\"AUTOSERVIZI LO IACONO\",\"description\":\"\",\"potentialAction\":[{\"@type\":\"SearchAction\",\"target\":{\"@type\":\"EntryPoint\",\"urlTemplate\":\"https:\/\/www.autoserviziloiacono.com\/en\/?s={search_term_string}\"},\"query-input\":\"required name=search_term_string\"}],\"inLanguage\":\"en-US\"}]}<\/script>\n<!-- \/ Yoast SEO plugin. -->","yoast_head_json":{"title":"Coach rental - AUTOSERVIZI LO IACONO","robots":{"index":"index","follow":"follow","max-snippet":"max-snippet:-1","max-image-preview":"max-image-preview:large","max-video-preview":"max-video-preview:-1"},"canonical":"https:\/\/www.autoserviziloiacono.com\/en\/coach-rental\/","og_locale":"en_US","og_type":"article","og_title":"Coach rental - AUTOSERVIZI LO IACONO","og_description":"AUTOSERVIZI LO IACONO SALVATORE E C. SNCREQUEST YOUR FREE QUOTE","og_url":"https:\/\/www.autoserviziloiacono.com\/en\/coach-rental\/","og_site_name":"AUTOSERVIZI LO IACONO","article_modified_time":"2023-05-24T09:35:07+00:00","twitter_card":"summary_large_image","twitter_misc":{"Est. reading time":"1 minute"},"schema":{"@context":"https:\/\/schema.org","@graph":[{"@type":"WebPage","@id":"https:\/\/www.autoserviziloiacono.com\/en\/coach-rental\/","url":"https:\/\/www.autoserviziloiacono.com\/en\/coach-rental\/","name":"Coach rental - AUTOSERVIZI LO IACONO","isPartOf":{"@id":"https:\/\/www.autoserviziloiacono.com\/en\/#website"},"datePublished":"2021-11-08T10:42:42+00:00","dateModified":"2023-05-24T09:35:07+00:00","breadcrumb":{"@id":"https:\/\/www.autoserviziloiacono.com\/en\/coach-rental\/#breadcrumb"},"inLanguage":"en-US","potentialAction":[{"@type":"ReadAction","target":["https:\/\/www.autoserviziloiacono.com\/en\/coach-rental\/"]}]},{"@type":"BreadcrumbList","@id":"https:\/\/www.autoserviziloiacono.com\/en\/coach-rental\/#breadcrumb","itemListElement":[{"@type":"ListItem","position":1,"name":"Home","item":"https:\/\/www.autoserviziloiacono.com\/en\/"},{"@type":"ListItem","position":2,"name":"Coach rental"}]},{"@type":"WebSite","@id":"https:\/\/www.autoserviziloiacono.com\/en\/#website","url":"https:\/\/www.autoserviziloiacono.com\/en\/","name":"AUTOSERVIZI LO IACONO","description":"","potentialAction":[{"@type":"SearchAction","target":{"@type":"EntryPoint","urlTemplate":"https:\/\/www.autoserviziloiacono.com\/en\/?s={search_term_string}"},"query-input":"required name=search_term_string"}],"inLanguage":"en-US"}]}},"_links":{"self":[{"href":"https:\/\/www.autoserviziloiacono.com\/en\/wp-json\/wp\/v2\/pages\/634","targetHints":{"allow":["GET"]}}],"collection":[{"href":"https:\/\/www.autoserviziloiacono.com\/en\/wp-json\/wp\/v2\/pages"}],"about":[{"href":"https:\/\/www.autoserviziloiacono.com\/en\/wp-json\/wp\/v2\/types\/page"}],"author":[{"embeddable":true,"href":"https:\/\/www.autoserviziloiacono.com\/en\/wp-json\/wp\/v2\/users\/1"}],"replies":[{"embeddable":true,"href":"https:\/\/www.autoserviziloiacono.com\/en\/wp-json\/wp\/v2\/comments?post=634"}],"version-history":[{"count":4,"href":"https:\/\/www.autoserviziloiacono.com\/en\/wp-json\/wp\/v2\/pages\/634\/revisions"}],"predecessor-version":[{"id":719,"href":"https:\/\/www.autoserviziloiacono.com\/en\/wp-json\/wp\/v2\/pages\/634\/revisions\/719"}],"wp:attachment":[{"href":"https:\/\/www.autoserviziloiacono.com\/en\/wp-json\/wp\/v2\/media?parent=634"}],"curies":[{"name":"wp","href":"https:\/\/api.w.org\/{rel}","templated":true}]}}